{"id":1711,"date":"2026-03-06T19:31:05","date_gmt":"2026-03-06T18:31:05","guid":{"rendered":"https:\/\/spraga.cz\/?page_id=1711"},"modified":"2026-03-10T17:03:24","modified_gmt":"2026-03-10T16:03:24","slug":"store-locator","status":"publish","type":"page","link":"https:\/\/spraga.cz\/en\/store-locator\/","title":{"rendered":"Store Locator"},"content":{"rendered":"    <section class=\"simple-hero-icons-banner-type-2 simple-hero-icons-banner-type-2--green simple-hero-icons-banner-type-2--start-purple\"><\/section>\n    \n\n\t<section class=\"section section-store-locator\" id=\"section_950156577\">\n\t\t<div class=\"section-bg fill\" >\n\t\t\t\t\t\t\t\t\t\n\t\t\t\n\n\t\t<\/div>\n\n\t\t\n\n\t\t<div class=\"section-content relative\">\n\t\t\t\n<div class=\"row\"  id=\"row-881358801\">\n\n\t<div id=\"col-1927129182\" class=\"col medium-12 small-12 large-6\"  >\n\t\t\t\t<div class=\"col-inner\"  >\n\t\t\t\n\t\t\t\n<h3 class=\"uppercase\"><strong>Looking for Us?<\/strong><br \/>\n<strong>We\u2019re Closer Than You Think!<\/strong><\/h3>\n\t\t<\/div>\n\t\t\t\t\t<\/div>\n\n\t\n\n\t<div id=\"col-1702017420\" class=\"col small-12 large-12\"  >\n\t\t\t\t<div class=\"col-inner\"  >\n\t\t\t\n\t\t\t\n    <div\n            id=\"store-locator-430697245\"\n            class=\"store-locator-element\"\n            data-store-locator\n            data-zoom=\"7\"\n            data-points=\"[{&quot;lat&quot;:50.1503,&quot;lng&quot;:14.5267,&quot;title&quot;:&quot;Globus Praha \u010cakovice&quot;,&quot;subtitle_1&quot;:&quot;Kosteleck\u00e1 823&quot;,&quot;subtitle_2&quot;:&quot;196 00 Praha 9&quot;,&quot;working_hours1&quot;:&quot;Mon\u2013Sun: 08:00\u201322:00&quot;,&quot;working_hours2&quot;:&quot;&quot;},{&quot;lat&quot;:50.0538,&quot;lng&quot;:14.291,&quot;title&quot;:&quot;Globus Praha Zli\u010d\u00edn&quot;,&quot;subtitle_1&quot;:&quot;S\u00e1rsk\u00e1 133\/5&quot;,&quot;subtitle_2&quot;:&quot;155 00 Praha 5&quot;,&quot;working_hours1&quot;:&quot;Mon\u2013Sun: 08:00\u201322:00&quot;,&quot;working_hours2&quot;:&quot;&quot;},{&quot;lat&quot;:50.1074,&quot;lng&quot;:14.5757,&quot;title&quot;:&quot;Globus Praha \u010cern\u00fd Most&quot;,&quot;subtitle_1&quot;:&quot;Chlumeck\u00e1 765\/6&quot;,&quot;subtitle_2&quot;:&quot;198 19 Praha 9&quot;,&quot;working_hours1&quot;:&quot;Mon\u2013Sun: 08:00\u201322:00&quot;,&quot;working_hours2&quot;:&quot;&quot;},{&quot;lat&quot;:50.0609,&quot;lng&quot;:14.5415,&quot;title&quot;:&quot;Globus Praha \u0160t\u011brboholy&quot;,&quot;subtitle_1&quot;:&quot;N\u00e1kupn\u00ed 389\/3&quot;,&quot;subtitle_2&quot;:&quot;102 00 Praha 10&quot;,&quot;working_hours1&quot;:&quot;Mon\u2013Sun: 08:00\u201322:00&quot;,&quot;working_hours2&quot;:&quot;&quot;},{&quot;lat&quot;:49.2252,&quot;lng&quot;:16.5945,&quot;title&quot;:&quot;Globus Brno&quot;,&quot;subtitle_1&quot;:&quot;Hradeck\u00e1 408\/40&quot;,&quot;subtitle_2&quot;:&quot;621 00 Brno&quot;,&quot;working_hours1&quot;:&quot;Mon\u2013Sun: 08:00\u201322:00&quot;,&quot;working_hours2&quot;:&quot;&quot;},{&quot;lat&quot;:49.767,&quot;lng&quot;:17.2477,&quot;title&quot;:&quot;Globus Olomouc&quot;,&quot;subtitle_1&quot;:&quot;Pra\u017esk\u00e1 39&quot;,&quot;subtitle_2&quot;:&quot;779 00 Olomouc&quot;,&quot;working_hours1&quot;:&quot;Mon\u2013Sun: 08:00\u201322:00&quot;,&quot;working_hours2&quot;:&quot;&quot;},{&quot;lat&quot;:49.8195,&quot;lng&quot;:18.1737,&quot;title&quot;:&quot;Globus Ostrava&quot;,&quot;subtitle_1&quot;:&quot;Opavsk\u00e1 326&quot;,&quot;subtitle_2&quot;:&quot;725 27 Ostrava&quot;,&quot;working_hours1&quot;:&quot;Mon\u2013Sun: 08:00\u201322:00&quot;,&quot;working_hours2&quot;:&quot;&quot;},{&quot;lat&quot;:49.9384,&quot;lng&quot;:17.9033,&quot;title&quot;:&quot;Globus Opava&quot;,&quot;subtitle_1&quot;:&quot;T\u011b\u0161\u00ednsk\u00e1 83&quot;,&quot;subtitle_2&quot;:&quot;746 01 Opava&quot;,&quot;working_hours1&quot;:&quot;Mon\u2013Sun: 08:00\u201322:00&quot;,&quot;working_hours2&quot;:&quot;&quot;},{&quot;lat&quot;:49.7895,&quot;lng&quot;:18.4307,&quot;title&quot;:&quot;Globus Hav\u00ed\u0159ov&quot;,&quot;subtitle_1&quot;:&quot;U Sklen\u00edk\u016f 1490\/24&quot;,&quot;subtitle_2&quot;:&quot;735 64 Hav\u00ed\u0159ov&quot;,&quot;working_hours1&quot;:&quot;Mon\u2013Sun: 08:00\u201322:00&quot;,&quot;working_hours2&quot;:&quot;&quot;},{&quot;lat&quot;:50.7609,&quot;lng&quot;:15.0532,&quot;title&quot;:&quot;Globus Liberec&quot;,&quot;subtitle_1&quot;:&quot;Sousedsk\u00e1 600&quot;,&quot;subtitle_2&quot;:&quot;460 11 Liberec&quot;,&quot;working_hours1&quot;:&quot;Mon\u2013Sun: 08:00\u201322:00&quot;,&quot;working_hours2&quot;:&quot;&quot;},{&quot;lat&quot;:50.0344,&quot;lng&quot;:15.7636,&quot;title&quot;:&quot;Globus Pardubice&quot;,&quot;subtitle_1&quot;:&quot;Pod\u011bbradsk\u00e1 293&quot;,&quot;subtitle_2&quot;:&quot;532 06 Pardubice&quot;,&quot;working_hours1&quot;:&quot;Mon\u2013Sun: 08:00\u201322:00&quot;,&quot;working_hours2&quot;:&quot;&quot;},{&quot;lat&quot;:49.0106,&quot;lng&quot;:14.4576,&quot;title&quot;:&quot;Globus \u010cesk\u00e9 Bud\u011bjovice&quot;,&quot;subtitle_1&quot;:&quot;\u010cesk\u00e9 Vrbn\u00e9 2327&quot;,&quot;subtitle_2&quot;:&quot;370 11 \u010cesk\u00e9 Bud\u011bjovice&quot;,&quot;working_hours1&quot;:&quot;Mon\u2013Sun: 08:00\u201322:00&quot;,&quot;working_hours2&quot;:&quot;&quot;},{&quot;lat&quot;:49.7702,&quot;lng&quot;:13.3735,&quot;title&quot;:&quot;Globus Plze\u0148 Chot\u00edkov&quot;,&quot;subtitle_1&quot;:&quot;Chot\u00edkov 385&quot;,&quot;subtitle_2&quot;:&quot;330 17 Chot\u00edkov&quot;,&quot;working_hours1&quot;:&quot;Mon\u2013Sun: 08:00\u201322:00&quot;,&quot;working_hours2&quot;:&quot;&quot;},{&quot;lat&quot;:50.6412,&quot;lng&quot;:13.8225,&quot;title&quot;:&quot;Globus Chomutov&quot;,&quot;subtitle_1&quot;:&quot;\u010cernovick\u00e1 5430&quot;,&quot;subtitle_2&quot;:&quot;430 03 Chomutov&quot;,&quot;working_hours1&quot;:&quot;Mon\u2013Sun: 08:00\u201322:00&quot;,&quot;working_hours2&quot;:&quot;&quot;},{&quot;lat&quot;:50.6498,&quot;lng&quot;:13.9774,&quot;title&quot;:&quot;Globus \u00dast\u00ed nad Labem Trmice&quot;,&quot;subtitle_1&quot;:&quot;Tyr\u0161ova 869&quot;,&quot;subtitle_2&quot;:&quot;400 04 Trmice&quot;,&quot;working_hours1&quot;:&quot;Mon\u2013Sun: 08:00\u201322:00&quot;,&quot;working_hours2&quot;:&quot;&quot;},{&quot;lat&quot;:50.2174,&quot;lng&quot;:12.8507,&quot;title&quot;:&quot;Globus Karlovy Vary Jeni\u0161ov&quot;,&quot;subtitle_1&quot;:&quot;Obchodn\u00ed 30&quot;,&quot;subtitle_2&quot;:&quot;362 11 Jeni\u0161ov&quot;,&quot;working_hours1&quot;:&quot;Mon\u2013Sun: 08:00\u201322:00&quot;,&quot;working_hours2&quot;:&quot;&quot;}]\"\n    >\n        <div class=\"locator-element-list\" data-store-locator-list><\/div>\n        <div class=\"locator-element-map\" data-store-locator-map><\/div>\n    <\/div>\n    \n\t\t<\/div>\n\t\t\t\t\t<\/div>\n\n\t\n<\/div>\n\t\t<\/div>\n\n\t\t\n<style>\n#section_950156577 {\n  padding-top: 30px;\n  padding-bottom: 30px;\n  background-color: rgb(88, 221, 120);\n}\n<\/style>\n\t<\/section>\n\t\n","protected":false},"excerpt":{"rendered":"","protected":false},"author":99,"featured_media":0,"parent":0,"menu_order":0,"comment_status":"closed","ping_status":"closed","template":"page-blank.php","meta":{"footnotes":""},"class_list":["post-1711","page","type-page","status-publish","hentry"],"yoast_head":"<!-- This site is optimized with the Yoast SEO plugin v27.4 - https:\/\/yoast.com\/product\/yoast-seo-wordpress\/ -->\n<title>Store Locator - Spraga<\/title>\n<meta name=\"robots\" content=\"noindex, follow\" \/>\n<meta property=\"og:locale\" content=\"en_GB\" \/>\n<meta property=\"og:type\" content=\"article\" \/>\n<meta property=\"og:title\" content=\"Store Locator - Spraga\" \/>\n<meta property=\"og:url\" content=\"https:\/\/spraga.cz\/en\/store-locator\/\" \/>\n<meta property=\"og:site_name\" content=\"Spraga\" \/>\n<meta property=\"article:modified_time\" content=\"2026-03-10T16:03:24+00:00\" \/>\n<meta name=\"twitter:card\" content=\"summary_large_image\" \/>\n<meta name=\"twitter:label1\" content=\"Estimated reading time\" \/>\n\t<meta name=\"twitter:data1\" content=\"2 minutes\" \/>\n<script type=\"application\/ld+json\" class=\"yoast-schema-graph\">{\"@context\":\"https:\\\/\\\/schema.org\",\"@graph\":[{\"@type\":\"WebPage\",\"@id\":\"https:\\\/\\\/spraga.cz\\\/en\\\/store-locator\\\/\",\"url\":\"https:\\\/\\\/spraga.cz\\\/en\\\/store-locator\\\/\",\"name\":\"Store Locator - Spraga\",\"isPartOf\":{\"@id\":\"https:\\\/\\\/spraga.cz\\\/en\\\/#website\"},\"datePublished\":\"2026-03-06T18:31:05+00:00\",\"dateModified\":\"2026-03-10T16:03:24+00:00\",\"breadcrumb\":{\"@id\":\"https:\\\/\\\/spraga.cz\\\/en\\\/store-locator\\\/#breadcrumb\"},\"inLanguage\":\"en-GB\",\"potentialAction\":[{\"@type\":\"ReadAction\",\"target\":[\"https:\\\/\\\/spraga.cz\\\/en\\\/store-locator\\\/\"]}]},{\"@type\":\"BreadcrumbList\",\"@id\":\"https:\\\/\\\/spraga.cz\\\/en\\\/store-locator\\\/#breadcrumb\",\"itemListElement\":[{\"@type\":\"ListItem\",\"position\":1,\"name\":\"\u0413\u043b\u0430\u0432\u043d\u0430\u044f \u0441\u0442\u0440\u0430\u043d\u0438\u0446\u0430\",\"item\":\"https:\\\/\\\/spraga.cz\\\/en\\\/\"},{\"@type\":\"ListItem\",\"position\":2,\"name\":\"Store Locator\"}]},{\"@type\":\"WebSite\",\"@id\":\"https:\\\/\\\/spraga.cz\\\/en\\\/#website\",\"url\":\"https:\\\/\\\/spraga.cz\\\/en\\\/\",\"name\":\"Spraga\",\"description\":\"\",\"potentialAction\":[{\"@type\":\"SearchAction\",\"target\":{\"@type\":\"EntryPoint\",\"urlTemplate\":\"https:\\\/\\\/spraga.cz\\\/en\\\/?s={search_term_string}\"},\"query-input\":{\"@type\":\"PropertyValueSpecification\",\"valueRequired\":true,\"valueName\":\"search_term_string\"}}],\"inLanguage\":\"en-GB\"}]}<\/script>\n<!-- \/ Yoast SEO plugin. -->","yoast_head_json":{"title":"Store Locator - Spraga","robots":{"index":"noindex","follow":"follow"},"og_locale":"en_GB","og_type":"article","og_title":"Store Locator - Spraga","og_url":"https:\/\/spraga.cz\/en\/store-locator\/","og_site_name":"Spraga","article_modified_time":"2026-03-10T16:03:24+00:00","twitter_card":"summary_large_image","twitter_misc":{"Estimated reading time":"2 minutes"},"schema":{"@context":"https:\/\/schema.org","@graph":[{"@type":"WebPage","@id":"https:\/\/spraga.cz\/en\/store-locator\/","url":"https:\/\/spraga.cz\/en\/store-locator\/","name":"Store Locator - Spraga","isPartOf":{"@id":"https:\/\/spraga.cz\/en\/#website"},"datePublished":"2026-03-06T18:31:05+00:00","dateModified":"2026-03-10T16:03:24+00:00","breadcrumb":{"@id":"https:\/\/spraga.cz\/en\/store-locator\/#breadcrumb"},"inLanguage":"en-GB","potentialAction":[{"@type":"ReadAction","target":["https:\/\/spraga.cz\/en\/store-locator\/"]}]},{"@type":"BreadcrumbList","@id":"https:\/\/spraga.cz\/en\/store-locator\/#breadcrumb","itemListElement":[{"@type":"ListItem","position":1,"name":"\u0413\u043b\u0430\u0432\u043d\u0430\u044f \u0441\u0442\u0440\u0430\u043d\u0438\u0446\u0430","item":"https:\/\/spraga.cz\/en\/"},{"@type":"ListItem","position":2,"name":"Store Locator"}]},{"@type":"WebSite","@id":"https:\/\/spraga.cz\/en\/#website","url":"https:\/\/spraga.cz\/en\/","name":"Spraga","description":"","potentialAction":[{"@type":"SearchAction","target":{"@type":"EntryPoint","urlTemplate":"https:\/\/spraga.cz\/en\/?s={search_term_string}"},"query-input":{"@type":"PropertyValueSpecification","valueRequired":true,"valueName":"search_term_string"}}],"inLanguage":"en-GB"}]}},"_links":{"self":[{"href":"https:\/\/spraga.cz\/en\/wp-json\/wp\/v2\/pages\/1711","targetHints":{"allow":["GET"]}}],"collection":[{"href":"https:\/\/spraga.cz\/en\/wp-json\/wp\/v2\/pages"}],"about":[{"href":"https:\/\/spraga.cz\/en\/wp-json\/wp\/v2\/types\/page"}],"author":[{"embeddable":true,"href":"https:\/\/spraga.cz\/en\/wp-json\/wp\/v2\/users\/99"}],"replies":[{"embeddable":true,"href":"https:\/\/spraga.cz\/en\/wp-json\/wp\/v2\/comments?post=1711"}],"version-history":[{"count":0,"href":"https:\/\/spraga.cz\/en\/wp-json\/wp\/v2\/pages\/1711\/revisions"}],"wp:attachment":[{"href":"https:\/\/spraga.cz\/en\/wp-json\/wp\/v2\/media?parent=1711"}],"curies":[{"name":"wp","href":"https:\/\/api.w.org\/{rel}","templated":true}]}}